{"id":962,"date":"2025-04-03T14:18:54","date_gmt":"2025-04-03T17:18:54","guid":{"rendered":"https:\/\/sfvc.tur.ar\/prestadores\/?page_id=962"},"modified":"2025-04-03T14:38:19","modified_gmt":"2025-04-03T17:38:19","slug":"instrucciones-de-uso-prestadores","status":"publish","type":"page","link":"https:\/\/sfvc.tur.ar\/prestadores\/instrucciones-de-uso-prestadores\/","title":{"rendered":"Instrucciones de uso Prestadores"},"content":{"rendered":"\t\t<div data-elementor-type=\"wp-page\" data-elementor-id=\"962\" class=\"elementor elementor-962\" data-elementor-post-type=\"page\">\n\t\t\t\t\t\t<section class=\"elementor-section elementor-top-section elementor-element elementor-element-b6b19e1 elementor-section-full_width elementor-section-height-default elementor-section-height-default\" data-id=\"b6b19e1\" data-element_type=\"section\" data-settings=\"{&quot;background_background&quot;:&quot;classic&quot;}\">\n\t\t\t\t\t\t\t<div class=\"elementor-background-overlay\"><\/div>\n\t\t\t\t\t\t\t<div class=\"elementor-container elementor-column-gap-no\">\n\t\t\t\t\t<div class=\"elementor-column elementor-col-16 elementor-top-column elementor-element elementor-element-313fec4\" data-id=\"313fec4\" data-element_type=\"column\">\n\t\t\t<div class=\"elementor-widget-wrap\">\n\t\t\t\t\t\t\t<\/div>\n\t\t<\/div>\n\t\t\t\t<div class=\"elementor-column elementor-col-66 elementor-top-column elementor-element elementor-element-eeb88ed\" data-id=\"eeb88ed\" data-element_type=\"column\">\n\t\t\t<div class=\"elementor-widget-wrap elementor-element-populated\">\n\t\t\t\t\t\t<section class=\"elementor-section elementor-inner-section elementor-element elementor-element-32f767d elementor-section-boxed elementor-section-height-default elementor-section-height-default\" data-id=\"32f767d\" data-element_type=\"section\">\n\t\t\t\t\t\t<div class=\"elementor-container elementor-column-gap-default\">\n\t\t\t\t\t<div class=\"elementor-column elementor-col-100 elementor-inner-column elementor-element elementor-element-b3db76d\" data-id=\"b3db76d\" data-element_type=\"column\">\n\t\t\t<div class=\"elementor-widget-wrap elementor-element-populated\">\n\t\t\t\t\t\t<div class=\"elementor-element elementor-element-72938be elementor-widget elementor-widget-heading\" data-id=\"72938be\" data-element_type=\"widget\" data-widget_type=\"heading.default\">\n\t\t\t\t<div class=\"elementor-widget-container\">\n\t\t\t\t\t<h1 class=\"elementor-heading-title elementor-size-default\">Aprenda como utilizar la plataforma y mantener actualizada la informaci\u00f3n<\/h1>\t\t\t\t<\/div>\n\t\t\t\t<\/div>\n\t\t\t\t\t<\/div>\n\t\t<\/div>\n\t\t\t\t\t<\/div>\n\t\t<\/section>\n\t\t\t\t<section class=\"elementor-section elementor-inner-section elementor-element elementor-element-7ab6a77 elementor-section-boxed elementor-section-height-default elementor-section-height-default\" data-id=\"7ab6a77\" data-element_type=\"section\">\n\t\t\t\t\t\t<div class=\"elementor-container elementor-column-gap-default\">\n\t\t\t\t\t<div class=\"elementor-column elementor-col-100 elementor-inner-column elementor-element elementor-element-f1d77bf\" data-id=\"f1d77bf\" data-element_type=\"column\">\n\t\t\t<div class=\"elementor-widget-wrap elementor-element-populated\">\n\t\t\t\t\t\t<div class=\"elementor-element elementor-element-68315dc elementor-widget elementor-widget-heading\" data-id=\"68315dc\" data-element_type=\"widget\" data-widget_type=\"heading.default\">\n\t\t\t\t<div class=\"elementor-widget-container\">\n\t\t\t\t\t<h2 class=\"elementor-heading-title elementor-size-default\"><a href=\"https:\/\/sfvc.tur.ar\/prestadores\/solicitud-de-registro\/\">Video exclusivo para empresas participantes, has clic aqu\u00ed para registrarte<\/a><\/h2>\t\t\t\t<\/div>\n\t\t\t\t<\/div>\n\t\t\t\t<div class=\"elementor-element elementor-element-5a34185 elementor-widget elementor-widget-heading\" data-id=\"5a34185\" data-element_type=\"widget\" data-widget_type=\"heading.default\">\n\t\t\t\t<div class=\"elementor-widget-container\">\n\t\t\t\t\t<h2 class=\"elementor-heading-title elementor-size-default\"><a href=\"https:\/\/sfvc.tur.ar\/prestadores\/wp-content\/uploads\/2025\/04\/Tutorial-Registro-Edicion-Prestadores.mp4\">Podes descargar el video instructivo aqu\u00ed<\/a><\/h2>\t\t\t\t<\/div>\n\t\t\t\t<\/div>\n\t\t\t\t<div class=\"elementor-element elementor-element-41e0c56 elementor-widget elementor-widget-video\" data-id=\"41e0c56\" data-element_type=\"widget\" data-settings=\"{&quot;video_type&quot;:&quot;hosted&quot;,&quot;controls&quot;:&quot;yes&quot;}\" data-widget_type=\"video.default\">\n\t\t\t\t<div class=\"elementor-widget-container\">\n\t\t\t\t\t\t\t<div class=\"e-hosted-video elementor-wrapper elementor-open-inline\">\n\t\t\t\t\t<video class=\"elementor-video\" src=\"https:\/\/sfvc.tur.ar\/prestadores\/wp-content\/uploads\/2025\/04\/Tutorial-Registro-Edicion-Prestadores.mp4\" controls=\"\" preload=\"auto\"><\/video>\n\t\t\t\t<\/div>\n\t\t\t\t\t\t<\/div>\n\t\t\t\t<\/div>\n\t\t\t\t\t<\/div>\n\t\t<\/div>\n\t\t\t\t\t<\/div>\n\t\t<\/section>\n\t\t\t\t\t<\/div>\n\t\t<\/div>\n\t\t\t\t<div class=\"elementor-column elementor-col-16 elementor-top-column elementor-element elementor-element-1dda097\" data-id=\"1dda097\" data-element_type=\"column\">\n\t\t\t<div class=\"elementor-widget-wrap\">\n\t\t\t\t\t\t\t<\/div>\n\t\t<\/div>\n\t\t\t\t\t<\/div>\n\t\t<\/section>\n\t\t\t\t<section class=\"elementor-section elementor-top-section elementor-element elementor-element-a3ba087 elementor-section-boxed elementor-section-height-default elementor-section-height-default\" data-id=\"a3ba087\" data-element_type=\"section\">\n\t\t\t\t\t\t<div class=\"elementor-container elementor-column-gap-default\">\n\t\t\t\t\t<div class=\"elementor-column elementor-col-100 elementor-top-column elementor-element elementor-element-35c6a11\" data-id=\"35c6a11\" data-element_type=\"column\">\n\t\t\t<div class=\"elementor-widget-wrap\">\n\t\t\t\t\t\t\t<\/div>\n\t\t<\/div>\n\t\t\t\t\t<\/div>\n\t\t<\/section>\n\t\t\t\t<\/div>\n\t\t","protected":false},"excerpt":{"rendered":"<p>Aprenda como utilizar la plataforma y mantener actualizada la informaci\u00f3n Video exclusivo para empresas participantes, has clic aqu\u00ed para registrarte Podes descargar el video instructivo aqu\u00ed https:\/\/sfvc.tur.ar\/prestadores\/wp-content\/uploads\/2025\/04\/Tutorial-Registro-Edicion-Prestadores.mp4<\/p>\n","protected":false},"author":1,"featured_media":0,"parent":0,"menu_order":0,"comment_status":"closed","ping_status":"closed","template":"elementor_header_footer","meta":{"footnotes":""},"class_list":["post-962","page","type-page","status-publish","hentry"],"_links":{"self":[{"href":"https:\/\/sfvc.tur.ar\/prestadores\/wp-json\/wp\/v2\/pages\/962","targetHints":{"allow":["GET"]}}],"collection":[{"href":"https:\/\/sfvc.tur.ar\/prestadores\/wp-json\/wp\/v2\/pages"}],"about":[{"href":"https:\/\/sfvc.tur.ar\/prestadores\/wp-json\/wp\/v2\/types\/page"}],"author":[{"embeddable":true,"href":"https:\/\/sfvc.tur.ar\/prestadores\/wp-json\/wp\/v2\/users\/1"}],"replies":[{"embeddable":true,"href":"https:\/\/sfvc.tur.ar\/prestadores\/wp-json\/wp\/v2\/comments?post=962"}],"version-history":[{"count":28,"href":"https:\/\/sfvc.tur.ar\/prestadores\/wp-json\/wp\/v2\/pages\/962\/revisions"}],"predecessor-version":[{"id":994,"href":"https:\/\/sfvc.tur.ar\/prestadores\/wp-json\/wp\/v2\/pages\/962\/revisions\/994"}],"wp:attachment":[{"href":"https:\/\/sfvc.tur.ar\/prestadores\/wp-json\/wp\/v2\/media?parent=962"}],"curies":[{"name":"wp","href":"https:\/\/api.w.org\/{rel}","templated":true}]}}